{"id":19900,"date":"2022-10-11T16:22:14","date_gmt":"2022-10-11T16:22:14","guid":{"rendered":"https:\/\/bigkick.es\/?page_id=19900"},"modified":"2022-10-18T08:44:51","modified_gmt":"2022-10-18T08:44:51","slug":"aviso-legal","status":"publish","type":"page","link":"https:\/\/bigkick.es\/en\/aviso-legal\/","title":{"rendered":"Aviso Legal"},"content":{"rendered":"<p>[et_pb_section fb_built=&#8221;1&#8243; disabled_on=&#8221;off|off|off&#8221; _builder_version=&#8221;4.18.0&#8243; _module_preset=&#8221;default&#8221; background_color=&#8221;#000000&#8243; custom_margin=&#8221;0px||0px||false|false&#8221; custom_padding=&#8221;0px||0px||false|false&#8221; global_colors_info=&#8221;{}&#8221;][et_pb_row _builder_version=&#8221;4.18.0&#8243; _module_preset=&#8221;default&#8221; background_color=&#8221;#FFFFFF&#8221; width=&#8221;90%&#8221; module_alignment=&#8221;center&#8221; custom_padding=&#8221;0px||42px|||&#8221; global_colors_info=&#8221;{}&#8221;][et_pb_column type=&#8221;4_4&#8243; _builder_version=&#8221;4.18.0&#8243; _module_preset=&#8221;default&#8221; global_colors_info=&#8221;{}&#8221;][et_pb_text _builder_version=&#8221;4.18.0&#8243; _module_preset=&#8221;default&#8221; header_2_font=&#8221;Kanit|700|||||||&#8221; header_2_text_color=&#8221;#000000&#8243; header_2_font_size=&#8221;31px&#8221; module_alignment=&#8221;center&#8221; custom_margin=&#8221;50px||||false|false&#8221; custom_margin_tablet=&#8221;5%||||false|false&#8221; custom_margin_phone=&#8221;5%|5%||5%|false|false&#8221; custom_margin_last_edited=&#8221;on|phone&#8221; global_colors_info=&#8221;{}&#8221;]<\/p>\n<h2 style=\"text-align: center;\">AVISO LEGAL<\/h2>\n<p>&nbsp;<\/p>\n<p>[\/et_pb_text][et_pb_text _builder_version=&#8221;4.18.0&#8243; _module_preset=&#8221;default&#8221; custom_margin=&#8221;|5%||5%|false|false&#8221; hover_enabled=&#8221;0&#8243; global_colors_info=&#8221;{}&#8221; sticky_enabled=&#8221;0&#8243;]<\/p>\n<p>En cumplimiento con el deber de informaci\u00f3n recogido en art\u00edculo 10 de la Ley 34\/2002, de 11 de julio, de Servicios de la Sociedad de la Informaci\u00f3n y del Comercio Electr\u00f3nico (LSSICE), el propietario de la web , le informa de lo siguiente:<\/p>\n<ul>\n<li>Titular: SACRIST\u00c1N TERRADILLOS HELIOS Y USATORRE IGLESIAS ANDR\u00c9S (en adelante \u201cLa empresa\/Responsable\/BIG KICK\/titular de web\u201d)<\/li>\n<li>CIF: E71264410<\/li>\n<li>Domicilio social: Calle Amaya n\u00ba 36 bajo 31004 Pamplona (NA)<\/li>\n<li>Web: www.bigkick.es<\/li>\n<li>Correo electr\u00f3nico: hola@bigkick.es \/\/ Tel\u00e9fono: 605 767 070<\/li>\n<\/ul>\n<p>Con los l\u00edmites establecidos en la ley, Confeiru\u00f1a, S.L. no asume ninguna responsabilidad derivada de la falta de veracidad, integridad, actualizaci\u00f3n y precisi\u00f3n de los datos o informaciones que contienen sus p\u00e1ginas web.<\/p>\n<p>Los contenidos e informaci\u00f3n no vinculan a Confeiru\u00f1a, S.L. ni constituyen opiniones, consejos o asesoramiento legal de ning\u00fan tipo pues se trata meramente de un servicio ofrecido con car\u00e1cter informativo y divulgativo.<\/p>\n<p>Las p\u00e1ginas de Internet de BigKick pueden contener enlaces (links) a otras p\u00e1ginas de terceras partes que BigKick no puede controlar. Por lo tanto, BigKick no puede asumir responsabilidades por el contenido que pueda aparecer en p\u00e1ginas de terceros.<\/p>\n<p>Los textos, im\u00e1genes, sonidos, animaciones, software y el resto de contenidos incluidos en este website son propiedad exclusiva de BigKick o sus licenciantes. Cualquier acto de transmisi\u00f3n, distribuci\u00f3n, cesi\u00f3n, reproducci\u00f3n, almacenamiento o comunicaci\u00f3n p\u00fablica total o parcial, deber\u00e1 contar con el consentimiento expreso de BigKick.<\/p>\n<p>Asimismo, para acceder a algunos de los servicios que BigKick ofrece a trav\u00e9s del sitio web, deber\u00e1 proporcionar algunos datos de car\u00e1cter personal. En cumplimiento de lo establecido en el Reglamento (UE) 2016\/679 del Parlamento Europeo y del Consejo, de 27 de abril de 2016, relativo a la protecci\u00f3n de las personas f\u00edsicas en lo que respecta al tratamiento de datos personales y a la libre circulaci\u00f3n de estos datos le informamos que, mediante la cumplimentaci\u00f3n de los presentes formularios, sus datos personales quedar\u00e1n incorporados y ser\u00e1n tratados en los ficheros de BigKick con el fin de poderle prestar y ofrecer nuestros servicios as\u00ed como para informarle de las mejoras del sitio Web.<\/p>\n<p>Le informamos tambi\u00e9n de que tendr\u00e1 la posibilidad en todo momento de ejercer los derechos de acceso, rectificaci\u00f3n, cancelaci\u00f3n, oposici\u00f3n, limitaci\u00f3n y portabilidad de sus datos de car\u00e1cter personal, de manera gratuita mediante email a: hola@bigkick.es o en la direcci\u00f3n: Calle Amaya n\u00ba 36 bajo 31004 Pamplona (Navarra).<\/p>\n<h4><strong>PROPIEDAD INTELECTUAL E INDUSTRIAL<\/strong><\/h4>\n<p>La Web es una obra compuesta de diversos elementos integrados e inseparables (texto, ilustraciones, fotograf\u00edas, im\u00e1genes animadas, v\u00eddeos, programas de ordenador, incluidos los c\u00f3digos html del sitio web, etc.), cuya Propiedad Intelectual le corresponde a EL PROPIETARIO, salvo en lo referente a aquellos materiales obtenidos bajo licencia de terceros.<\/p>\n<p>EL PROPIETARIO y sus licenciantes retienen en todo momento la Propiedad Intelectual sobre la Web y sobre los distintos elementos que la componen, individualmente considerados, en todas las copias que se realicen (cualquiera que sea el soporte al que se incorporen), concediendo sobre los mismos \u00fanicamente los derechos de uso que m\u00e1s adelante se describen. Cualquier derecho que no sea expresamente cedido se entiende reservado.<\/p>\n<p>Adem\u00e1s de lo anterior, EL PROPIETARIO es responsable de la selecci\u00f3n, dise\u00f1o de la estructura y disposici\u00f3n de los contenidos de la Web, as\u00ed como quien ha tomado la iniciativa y asumido el riesgo de efectuar las inversiones sustanciales orientadas a la obtenci\u00f3n, digitalizaci\u00f3n y presentaci\u00f3n de la misma, correspondi\u00e9ndole, por tanto, la protecci\u00f3n que el art\u00edculo 12 y el T\u00edtulo VIII del Libro II de la Ley de Propiedad Intelectual pueda conceder sobre el sitio web, considerado como una base de datos.<\/p>\n<p>EL PROPIETARIO es tambi\u00e9n el \u00fanico due\u00f1o del dise\u00f1o e imagen gr\u00e1fica de la Web, reserv\u00e1ndose las acciones legales pertinentes que le pudieran corresponder contra las personas que realicen imitaciones o usos desleales del mismo.<\/p>\n<h4><strong>CONTENIDOS WEB Y DESCARGAS. USOS PERMITIDOS Y PROHIBIDOS<\/strong><\/h4>\n<p><strong>Est\u00e1 permitida:<\/strong><strong>\u00a0<\/strong><\/p>\n<ul>\n<li>La navegaci\u00f3n por la Web, es decir, el acceso y visualizaci\u00f3n de la misma en un dispositivo, quedando autorizada cualquier reproducci\u00f3n temporal o accesoria, siempre que la misma no sea voluntaria y forme parte integrante y esencial del proceso tecnol\u00f3gico de transmisi\u00f3n. La navegaci\u00f3n por determinadas secciones de la Web requieren el previo registro.<\/li>\n<li>Beneficiarse (previo registro), de los servicios y ventajas prestados por EL PROPIETARIO a trav\u00e9s de la Web a sus usuarios, en las condiciones que se se\u00f1alen expresamente en las distintas secciones.<\/li>\n<\/ul>\n<p><strong>Queda terminantemente prohibido:<\/strong><\/p>\n<ul>\n<li>Cualesquiera operaciones respecto de la Web, sus contenidos, los productos descargados y las copias de todos ellos que sean contrarias a la Ley, las buenas costumbres y la buena fe.<\/li>\n<li>Cualquier utilizaci\u00f3n fuera del \u00e1mbito personal y privado, especialmente aquellas que tengan fines comerciales o profesionales, incluido el env\u00edo de publicidad o mensajes y la recopilaci\u00f3n y tratamiento de datos de terceros.<\/li>\n<li>Cualquier tipo de extracci\u00f3n, comunicaci\u00f3n p\u00fablica y\/o transmisi\u00f3n, total o parcial, por cualquier medio, fuera del \u00e1mbito privado de uso permitido y, especialmente, su incorporaci\u00f3n a cualquier otra obra, incluidas p\u00e1ginas web, colecciones o bases de datos. Se except\u00faa de esta prohibici\u00f3n la publicaci\u00f3n en medios de comunicaci\u00f3n de los materiales susceptibles de descarga de la secci\u00f3n Sala de Prensa.<\/li>\n<li>La remoci\u00f3n, ocultaci\u00f3n o falseamiento de los avisos y advertencias sobre la Propiedad Intelectual o Industrial de la Web o de cualquiera de los productos facilitados a trav\u00e9s de la misma.<\/li>\n<li>Las operaciones y actividades expresamente prohibidas en cualesquiera otras secciones de estas Condiciones Generales y, en general, cualquiera que pueda perjudicar el normal funcionamiento de la Web, a otros usuarios o a cualquier tercero.<\/li>\n<\/ul>\n<h4><strong>LINKS A LA WEB<\/strong><\/h4>\n<p><strong>\u00a0<\/strong>Queda autorizado el establecimiento de v\u00ednculos e hiperv\u00ednculos con la Web desde otras p\u00e1ginas o sitios web, siempre que los mismos no se hagan de forma que perjudique la imagen p\u00fablica y de marca de EL PROPIETARIO, de la Web o de cualquiera de las personas y productos a que se haga referencia en la misma. En el establecimiento de v\u00ednculos con la Web queda expresamente prohibida la utilizaci\u00f3n de t\u00e9cnicas que impliquen confusi\u00f3n sobre la identidad y propiedad de los contenidos, tales como el framing u otras.<\/p>\n<p>Queda prohibido el establecimiento de v\u00ednculos desde p\u00e1ginas o sitios web cuyos contenidos promocionen o hagan apolog\u00eda, directa o indirectamente, de cualquier tipo de violencia, discriminaci\u00f3n, pornograf\u00eda o actividad ilegal. Asimismo, queda expresamente prohibido el establecimiento de links con fines mercantiles.<\/p>\n<p>En la creaci\u00f3n de los v\u00ednculos queda expresamente prohibida la utilizaci\u00f3n de elementos extra\u00eddos de la Web, sin el consentimiento previo y expreso de EL PROPIETARIO.<\/p>\n<p>En ning\u00fan caso podr\u00e1 entenderse que los v\u00ednculos a la Web desde p\u00e1ginas o sitios web de terceros implican relaciones de EL PROPIETARIO con los titulares de \u00e9stos, ni implica respaldo, patrocinio o recomendaci\u00f3n alguna de EL PROPIETARIO sobre los mismos, por lo que EL PROPIETARIO no ser\u00e1 responsable en absoluto respecto de su contenido y licitud.<\/p>\n<h4><strong>CONTENIDOS Y COMPORTAMIENTO DEL USUARIO<\/strong><\/h4>\n<p>Como cliente o usuario de la Web, Ud. se compromete a hacer un uso adecuado de los contenidos y servicios ofrecidos a trav\u00e9s de la misma y a no emplearlos para:<\/p>\n<ol>\n<li>Incurrir en actividades il\u00edcitas, ilegales o contrarias a la buena fe y al orden p\u00fablico.<\/li>\n<li>Difundir contenidos o propaganda de car\u00e1cter racista, xen\u00f3fobo, pornogr\u00e1fico, que haga apolog\u00eda del terrorismo o que atente contra los derechos humanos.<\/li>\n<li>Provocar da\u00f1os en los sistemas f\u00edsicos y l\u00f3gicos de EL PROPIETARIO, de sus proveedores o de terceras personas, introducir o difundir en la red virus inform\u00e1ticos o cualesquiera otros sistemas f\u00edsicos o l\u00f3gicos que sean susceptibles de provocar los da\u00f1os anteriormente mencionados.<\/li>\n<li>Difundir contenidos que atenten contra la imagen y reputaci\u00f3n de EL PROPIETARIO o de terceros.<\/li>\n<li>Atentar contra los derechos de Propiedad Intelectual, Industrial, de imagen, honor u otros que correspondan a EL PROPIETARIO o a terceros.<\/li>\n<\/ol>\n<p>EL PROPIETARIO tendr\u00e1 plena libertad de decisi\u00f3n sobre si las colaboraciones y mensajes son finalmente publicadas en la Web o no, quedando facultada para retirarlos cuando estime oportuno.<\/p>\n<p>La infracci\u00f3n de cualquiera de las normas contenidas en estas Condiciones de uso y muy especialmente, de lo previsto en la presente cl\u00e1usula, facultar\u00e1n a EL PROPIETARIO para darle de baja de forma inmediata como usuario o suscriptor de la Web.<\/p>\n<p>[\/et_pb_text][\/et_pb_column][\/et_pb_row][\/et_pb_section]<\/p>","protected":false},"excerpt":{"rendered":"<p>AVISO LEGAL &nbsp;En cumplimiento con el deber de informaci\u00f3n recogido en art\u00edculo 10 de la Ley 34\/2002, de 11 de julio, de Servicios de la Sociedad de la Informaci\u00f3n y del Comercio Electr\u00f3nico (LSSICE), el propietario de la web , le informa de lo siguiente: Titular: SACRIST\u00c1N TERRADILLOS HELIOS Y USATORRE IGLESIAS ANDR\u00c9S (en adelante [&hellip;]<\/p>","protected":false},"author":1,"featured_media":0,"parent":0,"menu_order":0,"comment_status":"closed","ping_status":"closed","template":"","meta":{"_et_pb_use_builder":"on","_et_pb_old_content":"","_et_gb_content_width":"","footnotes":""},"yoast_head":"<!-- This site is optimized with the Yoast SEO plugin v23.6 - https:\/\/yoast.com\/wordpress\/plugins\/seo\/ -->\n<title>Aviso Legal - Escuela de baile Big Kick Pamplona<\/title>\n<meta name=\"robots\" content=\"index, follow, max-snippet:-1, max-image-preview:large, max-video-preview:-1\" \/>\n<link rel=\"canonical\" href=\"https:\/\/bigkick.es\/en\/aviso-legal\/\" \/>\n<meta property=\"og:locale\" content=\"en_GB\" \/>\n<meta property=\"og:type\" content=\"article\" \/>\n<meta property=\"og:title\" content=\"Aviso Legal - Escuela de baile Big Kick Pamplona\" \/>\n<meta property=\"og:description\" content=\"AVISO LEGAL &nbsp;En cumplimiento con el deber de informaci\u00f3n recogido en art\u00edculo 10 de la Ley 34\/2002, de 11 de julio, de Servicios de la Sociedad de la Informaci\u00f3n y del Comercio Electr\u00f3nico (LSSICE), el propietario de la web , le informa de lo siguiente: Titular: SACRIST\u00c1N TERRADILLOS HELIOS Y USATORRE IGLESIAS ANDR\u00c9S (en adelante [&hellip;]\" \/>\n<meta property=\"og:url\" content=\"https:\/\/bigkick.es\/en\/aviso-legal\/\" \/>\n<meta property=\"og:site_name\" content=\"Escuela de baile Big Kick Pamplona\" \/>\n<meta property=\"article:modified_time\" content=\"2022-10-18T08:44:51+00:00\" \/>\n<meta property=\"og:image\" content=\"https:\/\/bigkick.es\/wp-content\/uploads\/2022\/10\/cropped-bigkick_sologorra_negro-1.png\" \/>\n\t<meta property=\"og:image:width\" content=\"512\" \/>\n\t<meta property=\"og:image:height\" content=\"512\" \/>\n\t<meta property=\"og:image:type\" content=\"image\/png\" \/>\n<meta name=\"twitter:card\" content=\"summary_large_image\" \/>\n<meta name=\"twitter:label1\" content=\"Est. reading time\" \/>\n\t<meta name=\"twitter:data1\" content=\"8 minutes\" \/>\n<script type=\"application\/ld+json\" class=\"yoast-schema-graph\">{\"@context\":\"https:\/\/schema.org\",\"@graph\":[{\"@type\":\"WebPage\",\"@id\":\"https:\/\/bigkick.es\/aviso-legal\/\",\"url\":\"https:\/\/bigkick.es\/aviso-legal\/\",\"name\":\"Aviso Legal - Escuela de baile Big Kick Pamplona\",\"isPartOf\":{\"@id\":\"https:\/\/bigkick.es\/#website\"},\"datePublished\":\"2022-10-11T16:22:14+00:00\",\"dateModified\":\"2022-10-18T08:44:51+00:00\",\"breadcrumb\":{\"@id\":\"https:\/\/bigkick.es\/aviso-legal\/#breadcrumb\"},\"inLanguage\":\"en-GB\",\"potentialAction\":[{\"@type\":\"ReadAction\",\"target\":[\"https:\/\/bigkick.es\/aviso-legal\/\"]}]},{\"@type\":\"BreadcrumbList\",\"@id\":\"https:\/\/bigkick.es\/aviso-legal\/#breadcrumb\",\"itemListElement\":[{\"@type\":\"ListItem\",\"position\":1,\"name\":\"Portada\",\"item\":\"https:\/\/bigkick.es\/\"},{\"@type\":\"ListItem\",\"position\":2,\"name\":\"Aviso Legal\"}]},{\"@type\":\"WebSite\",\"@id\":\"https:\/\/bigkick.es\/#website\",\"url\":\"https:\/\/bigkick.es\/\",\"name\":\"Escuela de baile Big Kick Pamplona\",\"description\":\"Clases de baile Swing, Lindy Hop, Jazz, Chorus Line, Swing Kids...\",\"publisher\":{\"@id\":\"https:\/\/bigkick.es\/#organization\"},\"alternateName\":\"Big Kick\",\"potentialAction\":[{\"@type\":\"SearchAction\",\"target\":{\"@type\":\"EntryPoint\",\"urlTemplate\":\"https:\/\/bigkick.es\/?s={search_term_string}\"},\"query-input\":{\"@type\":\"PropertyValueSpecification\",\"valueRequired\":true,\"valueName\":\"search_term_string\"}}],\"inLanguage\":\"en-GB\"},{\"@type\":\"Organization\",\"@id\":\"https:\/\/bigkick.es\/#organization\",\"name\":\"Big Kick\",\"alternateName\":\"Big Kick Pamplona\",\"url\":\"https:\/\/bigkick.es\/\",\"logo\":{\"@type\":\"ImageObject\",\"inLanguage\":\"en-GB\",\"@id\":\"https:\/\/bigkick.es\/#\/schema\/logo\/image\/\",\"url\":\"https:\/\/bigkick.es\/wp-content\/uploads\/2022\/10\/cropped-bigkick_sologorra_negro-1.png\",\"contentUrl\":\"https:\/\/bigkick.es\/wp-content\/uploads\/2022\/10\/cropped-bigkick_sologorra_negro-1.png\",\"width\":512,\"height\":512,\"caption\":\"Big Kick\"},\"image\":{\"@id\":\"https:\/\/bigkick.es\/#\/schema\/logo\/image\/\"},\"sameAs\":[\"https:\/\/www.instagram.com\/bigkickswing\/?hl=es\"]}]}<\/script>\n<!-- \/ Yoast SEO plugin. -->","yoast_head_json":{"title":"Aviso Legal - Escuela de baile Big Kick Pamplona","robots":{"index":"index","follow":"follow","max-snippet":"max-snippet:-1","max-image-preview":"max-image-preview:large","max-video-preview":"max-video-preview:-1"},"canonical":"https:\/\/bigkick.es\/en\/aviso-legal\/","og_locale":"en_GB","og_type":"article","og_title":"Aviso Legal - Escuela de baile Big Kick Pamplona","og_description":"AVISO LEGAL &nbsp;En cumplimiento con el deber de informaci\u00f3n recogido en art\u00edculo 10 de la Ley 34\/2002, de 11 de julio, de Servicios de la Sociedad de la Informaci\u00f3n y del Comercio Electr\u00f3nico (LSSICE), el propietario de la web , le informa de lo siguiente: Titular: SACRIST\u00c1N TERRADILLOS HELIOS Y USATORRE IGLESIAS ANDR\u00c9S (en adelante [&hellip;]","og_url":"https:\/\/bigkick.es\/en\/aviso-legal\/","og_site_name":"Escuela de baile Big Kick Pamplona","article_modified_time":"2022-10-18T08:44:51+00:00","og_image":[{"width":512,"height":512,"url":"https:\/\/bigkick.es\/wp-content\/uploads\/2022\/10\/cropped-bigkick_sologorra_negro-1.png","type":"image\/png"}],"twitter_card":"summary_large_image","twitter_misc":{"Est. reading time":"8 minutes"},"schema":{"@context":"https:\/\/schema.org","@graph":[{"@type":"WebPage","@id":"https:\/\/bigkick.es\/aviso-legal\/","url":"https:\/\/bigkick.es\/aviso-legal\/","name":"Aviso Legal - Escuela de baile Big Kick Pamplona","isPartOf":{"@id":"https:\/\/bigkick.es\/#website"},"datePublished":"2022-10-11T16:22:14+00:00","dateModified":"2022-10-18T08:44:51+00:00","breadcrumb":{"@id":"https:\/\/bigkick.es\/aviso-legal\/#breadcrumb"},"inLanguage":"en-GB","potentialAction":[{"@type":"ReadAction","target":["https:\/\/bigkick.es\/aviso-legal\/"]}]},{"@type":"BreadcrumbList","@id":"https:\/\/bigkick.es\/aviso-legal\/#breadcrumb","itemListElement":[{"@type":"ListItem","position":1,"name":"Portada","item":"https:\/\/bigkick.es\/"},{"@type":"ListItem","position":2,"name":"Aviso Legal"}]},{"@type":"WebSite","@id":"https:\/\/bigkick.es\/#website","url":"https:\/\/bigkick.es\/","name":"Escuela de baile Big Kick Pamplona","description":"Clases de baile Swing, Lindy Hop, Jazz, Chorus Line, Swing Kids...","publisher":{"@id":"https:\/\/bigkick.es\/#organization"},"alternateName":"Big Kick","potentialAction":[{"@type":"SearchAction","target":{"@type":"EntryPoint","urlTemplate":"https:\/\/bigkick.es\/?s={search_term_string}"},"query-input":{"@type":"PropertyValueSpecification","valueRequired":true,"valueName":"search_term_string"}}],"inLanguage":"en-GB"},{"@type":"Organization","@id":"https:\/\/bigkick.es\/#organization","name":"Big Kick","alternateName":"Big Kick Pamplona","url":"https:\/\/bigkick.es\/","logo":{"@type":"ImageObject","inLanguage":"en-GB","@id":"https:\/\/bigkick.es\/#\/schema\/logo\/image\/","url":"https:\/\/bigkick.es\/wp-content\/uploads\/2022\/10\/cropped-bigkick_sologorra_negro-1.png","contentUrl":"https:\/\/bigkick.es\/wp-content\/uploads\/2022\/10\/cropped-bigkick_sologorra_negro-1.png","width":512,"height":512,"caption":"Big Kick"},"image":{"@id":"https:\/\/bigkick.es\/#\/schema\/logo\/image\/"},"sameAs":["https:\/\/www.instagram.com\/bigkickswing\/?hl=es"]}]}},"_links":{"self":[{"href":"https:\/\/bigkick.es\/en\/wp-json\/wp\/v2\/pages\/19900"}],"collection":[{"href":"https:\/\/bigkick.es\/en\/wp-json\/wp\/v2\/pages"}],"about":[{"href":"https:\/\/bigkick.es\/en\/wp-json\/wp\/v2\/types\/page"}],"author":[{"embeddable":true,"href":"https:\/\/bigkick.es\/en\/wp-json\/wp\/v2\/users\/1"}],"replies":[{"embeddable":true,"href":"https:\/\/bigkick.es\/en\/wp-json\/wp\/v2\/comments?post=19900"}],"version-history":[{"count":3,"href":"https:\/\/bigkick.es\/en\/wp-json\/wp\/v2\/pages\/19900\/revisions"}],"predecessor-version":[{"id":20281,"href":"https:\/\/bigkick.es\/en\/wp-json\/wp\/v2\/pages\/19900\/revisions\/20281"}],"wp:attachment":[{"href":"https:\/\/bigkick.es\/en\/wp-json\/wp\/v2\/media?parent=19900"}],"curies":[{"name":"wp","href":"https:\/\/api.w.org\/{rel}","templated":true}]}}